{"id":267,"date":"2024-09-17T08:24:21","date_gmt":"2024-09-17T08:24:21","guid":{"rendered":"https:\/\/ilcapannone.es\/nous\/"},"modified":"2025-04-14T11:31:50","modified_gmt":"2025-04-14T11:31:50","slug":"nous","status":"publish","type":"page","link":"https:\/\/ilcapannone.es\/fr\/nous\/","title":{"rendered":"Nous"},"content":{"rendered":"\t\t<div data-elementor-type=\"wp-page\" data-elementor-id=\"267\" class=\"elementor elementor-267 elementor-49\" data-elementor-post-type=\"page\">\n\t\t\t\t<div class=\"elementor-element elementor-element-2871cd4b e-flex e-con-boxed e-con e-parent\" data-id=\"2871cd4b\" data-element_type=\"container\" data-e-type=\"container\" data-settings=\"{&quot;background_background&quot;:&quot;classic&quot;}\">\n\t\t\t\t\t<div class=\"e-con-inner\">\n\t\t\t\t<div class=\"elementor-element elementor-element-4ff18126 elementor-invisible elementor-widget elementor-widget-heading\" data-id=\"4ff18126\" data-element_type=\"widget\" data-e-type=\"widget\" data-settings=\"{&quot;_animation&quot;:&quot;fadeIn&quot;}\" data-widget_type=\"heading.default\">\n\t\t\t\t<div class=\"elementor-widget-container\">\n\t\t\t\t\t<h1 class=\"elementor-heading-title elementor-size-default\">Nous<\/h1>\t\t\t\t<\/div>\n\t\t\t\t<\/div>\n\t\t\t\t<div class=\"elementor-element elementor-element-2d1e211e elementor-widget__width-initial elementor-invisible elementor-widget elementor-widget-text-editor\" data-id=\"2d1e211e\" data-element_type=\"widget\" data-e-type=\"widget\" data-settings=\"{&quot;_animation&quot;:&quot;fadeIn&quot;}\" data-widget_type=\"text-editor.default\">\n\t\t\t\t<div class=\"elementor-widget-container\">\n\t\t\t\t\t\t\t\t\t<p>Il Capannone est n\u00e9 d&rsquo;un r\u00eave, celui d&rsquo;apporter une cuisine italienne authentique \u00e0 notre communaut\u00e9. Fond\u00e9s en 1998, nous sommes un pilier de la sc\u00e8ne gastronomique locale, c\u00e9l\u00e9brant les saveurs et les traditions de l&rsquo;Italie. Depuis nos humbles racines jusqu&rsquo;\u00e0 ce que nous devenions une cha\u00eene appr\u00e9ci\u00e9e de tous, notre mission a toujours \u00e9t\u00e9 la m\u00eame : offrir une exp\u00e9rience gastronomique inoubliable qui rapproche les c\u0153urs et c\u00e9l\u00e8bre la vie.<\/p>\t\t\t\t\t\t\t\t<\/div>\n\t\t\t\t<\/div>\n\t\t\t\t\t<\/div>\n\t\t\t\t<\/div>\n\t\t<div class=\"elementor-element elementor-element-642cb035 e-flex e-con-boxed e-con e-parent\" data-id=\"642cb035\" data-element_type=\"container\" data-e-type=\"container\" data-settings=\"{&quot;background_background&quot;:&quot;classic&quot;}\">\n\t\t\t\t\t<div class=\"e-con-inner\">\n\t\t<div class=\"elementor-element elementor-element-7c8a98b2 e-con-full e-flex elementor-invisible e-con e-child\" data-id=\"7c8a98b2\" data-element_type=\"container\" data-e-type=\"container\" data-settings=\"{&quot;animation&quot;:&quot;fadeInLeft&quot;}\">\n\t\t\t\t<div class=\"elementor-element elementor-element-4e541e85 elementor-widget elementor-widget-heading\" data-id=\"4e541e85\" data-element_type=\"widget\" data-e-type=\"widget\" data-widget_type=\"heading.default\">\n\t\t\t\t<div class=\"elementor-widget-container\">\n\t\t\t\t\t<h2 class=\"elementor-heading-title elementor-size-default\">Notre philosophie<\/h2>\t\t\t\t<\/div>\n\t\t\t\t<\/div>\n\t\t\t\t<div class=\"elementor-element elementor-element-249b2c0a elementor-widget elementor-widget-text-editor\" data-id=\"249b2c0a\" data-element_type=\"widget\" data-e-type=\"widget\" data-widget_type=\"text-editor.default\">\n\t\t\t\t<div class=\"elementor-widget-container\">\n\t\t\t\t\t\t\t\t\t<div class=\"wpb_text_column wpb_content_element \"><div class=\"wpb_wrapper\"> <\/div><\/div><div class=\"vc_empty_space\">Des amis, des clients, des employ\u00e9s qui sont partis, partent et laisseront leur marque chaque jour. Ils font partie de ce voyage magique, de ce r\u00eave et de cette mystique. Avec sa cuisine italienne fra\u00eeche et sa vaste carte des vins, le <b>Ristorante Italiano Il Capannone<\/b> vous permet de manger avec les yeux. Une exp\u00e9rience unique, avec une \u00e9quipe de jeunes professionnels cr\u00e9atifs qui vous proposeront un menu en fonction des produits et des vins de chaque saison.<\/div>\t\t\t\t\t\t\t\t<\/div>\n\t\t\t\t<\/div>\n\t\t\t\t<\/div>\n\t\t<div class=\"elementor-element elementor-element-bbe90bc e-con-full e-flex elementor-invisible e-con e-child\" data-id=\"bbe90bc\" data-element_type=\"container\" data-e-type=\"container\" data-settings=\"{&quot;animation&quot;:&quot;fadeInRight&quot;}\">\n\t\t\t\t<div class=\"elementor-element elementor-element-66dae030 elementor-widget elementor-widget-image\" data-id=\"66dae030\" data-element_type=\"widget\" data-e-type=\"widget\" data-widget_type=\"image.default\">\n\t\t\t\t<div class=\"elementor-widget-container\">\n\t\t\t\t\t\t\t\t\t\t\t\t\t\t\t<img fetchpriority=\"high\" decoding=\"async\" width=\"800\" height=\"534\" src=\"https:\/\/ilcapannone.es\/wp-content\/uploads\/2024\/09\/ilcapannone-tarragona-port-2-1024x683.jpg\" class=\"attachment-large size-large wp-image-218\" alt=\"\" srcset=\"https:\/\/ilcapannone.es\/wp-content\/uploads\/2024\/09\/ilcapannone-tarragona-port-2-1024x683.jpg 1024w, https:\/\/ilcapannone.es\/wp-content\/uploads\/2024\/09\/ilcapannone-tarragona-port-2-300x200.jpg 300w, https:\/\/ilcapannone.es\/wp-content\/uploads\/2024\/09\/ilcapannone-tarragona-port-2-768x512.jpg 768w, https:\/\/ilcapannone.es\/wp-content\/uploads\/2024\/09\/ilcapannone-tarragona-port-2-1536x1024.jpg 1536w, https:\/\/ilcapannone.es\/wp-content\/uploads\/2024\/09\/ilcapannone-tarragona-port-2.jpg 1600w\" sizes=\"(max-width: 800px) 100vw, 800px\" \/>\t\t\t\t\t\t\t\t\t\t\t\t\t\t\t<\/div>\n\t\t\t\t<\/div>\n\t\t\t\t<\/div>\n\t\t\t\t\t<\/div>\n\t\t\t\t<\/div>\n\t\t<div class=\"elementor-element elementor-element-2896922e e-flex e-con-boxed e-con e-parent\" data-id=\"2896922e\" data-element_type=\"container\" data-e-type=\"container\" data-settings=\"{&quot;background_background&quot;:&quot;classic&quot;}\">\n\t\t\t\t\t<div class=\"e-con-inner\">\n\t\t<div class=\"elementor-element elementor-element-47796bdf e-con-full e-flex elementor-invisible e-con e-child\" data-id=\"47796bdf\" data-element_type=\"container\" data-e-type=\"container\" data-settings=\"{&quot;animation&quot;:&quot;fadeInLeft&quot;}\">\n\t\t\t\t<div class=\"elementor-element elementor-element-4a577bd5 elementor-widget__width-auto elementor-widget elementor-widget-image\" data-id=\"4a577bd5\" data-element_type=\"widget\" data-e-type=\"widget\" data-widget_type=\"image.default\">\n\t\t\t\t<div class=\"elementor-widget-container\">\n\t\t\t\t\t\t\t\t\t\t\t\t\t\t\t<img decoding=\"async\" width=\"600\" height=\"900\" src=\"https:\/\/ilcapannone.es\/wp-content\/uploads\/2024\/09\/lasana-italiana-tarragona.jpg\" class=\"attachment-large size-large wp-image-220\" alt=\"\" srcset=\"https:\/\/ilcapannone.es\/wp-content\/uploads\/2024\/09\/lasana-italiana-tarragona.jpg 600w, https:\/\/ilcapannone.es\/wp-content\/uploads\/2024\/09\/lasana-italiana-tarragona-200x300.jpg 200w\" sizes=\"(max-width: 600px) 100vw, 600px\" \/>\t\t\t\t\t\t\t\t\t\t\t\t\t\t\t<\/div>\n\t\t\t\t<\/div>\n\t\t\t\t<div class=\"elementor-element elementor-element-76f61c3e elementor-widget__width-auto elementor-widget elementor-widget-image\" data-id=\"76f61c3e\" data-element_type=\"widget\" data-e-type=\"widget\" data-widget_type=\"image.default\">\n\t\t\t\t<div class=\"elementor-widget-container\">\n\t\t\t\t\t\t\t\t\t\t\t\t\t\t\t<img decoding=\"async\" width=\"600\" height=\"900\" src=\"https:\/\/ilcapannone.es\/wp-content\/uploads\/2024\/09\/pasta-italiana-cambrils.jpg\" class=\"attachment-medium_large size-medium_large wp-image-222\" alt=\"\" srcset=\"https:\/\/ilcapannone.es\/wp-content\/uploads\/2024\/09\/pasta-italiana-cambrils.jpg 600w, https:\/\/ilcapannone.es\/wp-content\/uploads\/2024\/09\/pasta-italiana-cambrils-200x300.jpg 200w\" sizes=\"(max-width: 600px) 100vw, 600px\" \/>\t\t\t\t\t\t\t\t\t\t\t\t\t\t\t<\/div>\n\t\t\t\t<\/div>\n\t\t\t\t<\/div>\n\t\t<div class=\"elementor-element elementor-element-6844d214 e-con-full e-flex elementor-invisible e-con e-child\" data-id=\"6844d214\" data-element_type=\"container\" data-e-type=\"container\" data-settings=\"{&quot;animation&quot;:&quot;fadeInRight&quot;}\">\n\t\t\t\t<div class=\"elementor-element elementor-element-5f11b3c1 elementor-widget elementor-widget-heading\" data-id=\"5f11b3c1\" data-element_type=\"widget\" data-e-type=\"widget\" data-widget_type=\"heading.default\">\n\t\t\t\t<div class=\"elementor-widget-container\">\n\t\t\t\t\t<h2 class=\"elementor-heading-title elementor-size-default\">La lettre<\/h2>\t\t\t\t<\/div>\n\t\t\t\t<\/div>\n\t\t\t\t<div class=\"elementor-element elementor-element-1b07c6da elementor-widget elementor-widget-text-editor\" data-id=\"1b07c6da\" data-element_type=\"widget\" data-e-type=\"widget\" data-widget_type=\"text-editor.default\">\n\t\t\t\t<div class=\"elementor-widget-container\">\n\t\t\t\t\t\t\t\t\t<p>Au&nbsp;<strong>Il Capannone<\/strong> est sp\u00e9cialis\u00e9 dans&nbsp;<strong>Cuisine italienne<\/strong>. Dans notre restaurant, vous pourrez d\u00e9guster un large menu de&nbsp;<strong>pizzas, p\u00e2tes, viandes et desserts typiquement italiens<\/strong>, faits \u00e0 la main dans notre cuisine. En outre, l&rsquo;ensemble de notre menu peut \u00eatre&nbsp;l<strong>&lsquo;ordre de d\u00e9part<\/strong>.<\/p>\n<p>Nos plats principaux comprennent des <strong>pizzas<\/strong> et des <strong>p\u00e2tes<\/strong> <strong>cuites au feu de bois<\/strong>, des antipasti, des viandes de premi\u00e8re qualit\u00e9, ainsi que nos d\u00e9licieux desserts maison.<\/p>\n<p>Venez go\u00fbter la <strong>cuisine italienne typique au Il Capannone \u00e0 Cambrils et \u00e0 Tarragone<\/strong>, dans la meilleure ambiance et avec le meilleur service.<\/p>\t\t\t\t\t\t\t\t<\/div>\n\t\t\t\t<\/div>\n\t\t\t\t<div class=\"elementor-element elementor-element-f8906b0 elementor-widget elementor-widget-button\" data-id=\"f8906b0\" data-element_type=\"widget\" data-e-type=\"widget\" data-widget_type=\"button.default\">\n\t\t\t\t<div class=\"elementor-widget-container\">\n\t\t\t\t\t\t\t\t\t<div class=\"elementor-button-wrapper\">\n\t\t\t\t\t<a class=\"elementor-button elementor-button-link elementor-size-sm elementor-animation-shrink\" href=\"https:\/\/sienna-heron-415394.hostingersite.com\/la-carta-del-restaurante\/\" target=\"_blank\" rel=\"noopener\">\n\t\t\t\t\t\t<span class=\"elementor-button-content-wrapper\">\n\t\t\t\t\t\t\t\t\t<span class=\"elementor-button-text\">Voir la lettre<\/span>\n\t\t\t\t\t<\/span>\n\t\t\t\t\t<\/a>\n\t\t\t\t<\/div>\n\t\t\t\t\t\t\t\t<\/div>\n\t\t\t\t<\/div>\n\t\t\t\t<\/div>\n\t\t\t\t\t<\/div>\n\t\t\t\t<\/div>\n\t\t<div class=\"elementor-element elementor-element-196cd56d e-flex e-con-boxed e-con e-parent\" data-id=\"196cd56d\" data-element_type=\"container\" data-e-type=\"container\" data-settings=\"{&quot;background_background&quot;:&quot;classic&quot;}\">\n\t\t\t\t\t<div class=\"e-con-inner\">\n\t\t<div class=\"elementor-element elementor-element-5ce4c661 e-con-full e-flex elementor-invisible e-con e-child\" data-id=\"5ce4c661\" data-element_type=\"container\" data-e-type=\"container\" data-settings=\"{&quot;animation&quot;:&quot;fadeInLeft&quot;}\">\n\t\t\t\t<div class=\"elementor-element elementor-element-37cfaf49 elementor-widget elementor-widget-heading\" data-id=\"37cfaf49\" data-element_type=\"widget\" data-e-type=\"widget\" data-widget_type=\"heading.default\">\n\t\t\t\t<div class=\"elementor-widget-container\">\n\t\t\t\t\t<h2 class=\"elementor-heading-title elementor-size-default\">Passion, d\u00e9vouement et service<\/h2>\t\t\t\t<\/div>\n\t\t\t\t<\/div>\n\t\t\t\t<div class=\"elementor-element elementor-element-52164576 elementor-widget elementor-widget-text-editor\" data-id=\"52164576\" data-element_type=\"widget\" data-e-type=\"widget\" data-widget_type=\"text-editor.default\">\n\t\t\t\t<div class=\"elementor-widget-container\">\n\t\t\t\t\t\t\t\t\t<div class=\"wpb_text_column wpb_content_element \"><div class=\"wpb_wrapper\"><p><span style=\"font-size: 16px;\">Des amis, des clients, des employ\u00e9s qui sont partis, partent et laisseront leur marque chaque jour. Ils font partie de ce voyage magique, de ce r\u00eave et de cette mystique. Avec une cuisine italienne fra\u00eeche et une vaste carte des vins, au  <\/span><b style=\"font-size: 16px;\">Ristorante Italiano Il Capannone<\/b><span style=\"font-size: 16px;\">  est \u00e9galement consomm\u00e9 avec les yeux. Une exp\u00e9rience unique, avec une \u00e9quipe de jeunes professionnels cr\u00e9atifs qui vous proposeront un menu en fonction des produits et des vins de chaque saison.<\/span><\/p><\/div><\/div>\t\t\t\t\t\t\t\t<\/div>\n\t\t\t\t<\/div>\n\t\t\t\t<div class=\"elementor-element elementor-element-3fe23090 elementor-widget elementor-widget-button\" data-id=\"3fe23090\" data-element_type=\"widget\" data-e-type=\"widget\" data-widget_type=\"button.default\">\n\t\t\t\t<div class=\"elementor-widget-container\">\n\t\t\t\t\t\t\t\t\t<div class=\"elementor-button-wrapper\">\n\t\t\t\t\t<a class=\"elementor-button elementor-button-link elementor-size-sm elementor-animation-shrink\" href=\"https:\/\/sienna-heron-415394.hostingersite.com\/reservar-mesa\/\" target=\"_blank\" rel=\"noopener\">\n\t\t\t\t\t\t<span class=\"elementor-button-content-wrapper\">\n\t\t\t\t\t\t\t\t\t<span class=\"elementor-button-text\">Livre<\/span>\n\t\t\t\t\t<\/span>\n\t\t\t\t\t<\/a>\n\t\t\t\t<\/div>\n\t\t\t\t\t\t\t\t<\/div>\n\t\t\t\t<\/div>\n\t\t\t\t<\/div>\n\t\t<div class=\"elementor-element elementor-element-7842a541 e-con-full e-flex elementor-invisible e-con e-child\" data-id=\"7842a541\" data-element_type=\"container\" data-e-type=\"container\" data-settings=\"{&quot;animation&quot;:&quot;fadeInRight&quot;}\">\n\t\t\t\t<div class=\"elementor-element elementor-element-9a8a824 elementor-widget elementor-widget-image\" data-id=\"9a8a824\" data-element_type=\"widget\" data-e-type=\"widget\" data-widget_type=\"image.default\">\n\t\t\t\t<div class=\"elementor-widget-container\">\n\t\t\t\t\t\t\t\t\t\t\t\t\t\t\t<img loading=\"lazy\" decoding=\"async\" width=\"600\" height=\"900\" src=\"https:\/\/ilcapannone.es\/wp-content\/uploads\/2024\/09\/equipo-ilcapannone.jpg\" class=\"attachment-large size-large wp-image-238\" alt=\"\" srcset=\"https:\/\/ilcapannone.es\/wp-content\/uploads\/2024\/09\/equipo-ilcapannone.jpg 600w, https:\/\/ilcapannone.es\/wp-content\/uploads\/2024\/09\/equipo-ilcapannone-200x300.jpg 200w\" sizes=\"(max-width: 600px) 100vw, 600px\" \/>\t\t\t\t\t\t\t\t\t\t\t\t\t\t\t<\/div>\n\t\t\t\t<\/div>\n\t\t\t\t<\/div>\n\t\t\t\t\t<\/div>\n\t\t\t\t<\/div>\n\t\t\t\t<\/div>\n\t\t","protected":false},"excerpt":{"rendered":"<p>Nous Il Capannone est n\u00e9 d&rsquo;un r\u00eave, celui d&rsquo;apporter une cuisine italienne authentique \u00e0 notre communaut\u00e9. Fond\u00e9s en 1998, nous sommes un pilier de la sc\u00e8ne gastronomique locale, c\u00e9l\u00e9brant les saveurs et les traditions de l&rsquo;Italie. Depuis nos humbles racines jusqu&rsquo;\u00e0 ce que nous devenions une cha\u00eene appr\u00e9ci\u00e9e de tous, notre mission a toujours \u00e9t\u00e9 [&hellip;]<\/p>\n","protected":false},"author":1,"featured_media":0,"parent":0,"menu_order":0,"comment_status":"closed","ping_status":"closed","template":"elementor_header_footer","meta":{"_monsterinsights_skip_tracking":false,"_monsterinsights_sitenote_active":false,"_monsterinsights_sitenote_note":"","_monsterinsights_sitenote_category":0,"footnotes":""},"class_list":["post-267","page","type-page","status-publish","hentry"],"_links":{"self":[{"href":"https:\/\/ilcapannone.es\/fr\/wp-json\/wp\/v2\/pages\/267","targetHints":{"allow":["GET"]}}],"collection":[{"href":"https:\/\/ilcapannone.es\/fr\/wp-json\/wp\/v2\/pages"}],"about":[{"href":"https:\/\/ilcapannone.es\/fr\/wp-json\/wp\/v2\/types\/page"}],"author":[{"embeddable":true,"href":"https:\/\/ilcapannone.es\/fr\/wp-json\/wp\/v2\/users\/1"}],"replies":[{"embeddable":true,"href":"https:\/\/ilcapannone.es\/fr\/wp-json\/wp\/v2\/comments?post=267"}],"version-history":[{"count":1,"href":"https:\/\/ilcapannone.es\/fr\/wp-json\/wp\/v2\/pages\/267\/revisions"}],"predecessor-version":[{"id":268,"href":"https:\/\/ilcapannone.es\/fr\/wp-json\/wp\/v2\/pages\/267\/revisions\/268"}],"wp:attachment":[{"href":"https:\/\/ilcapannone.es\/fr\/wp-json\/wp\/v2\/media?parent=267"}],"curies":[{"name":"wp","href":"https:\/\/api.w.org\/{rel}","templated":true}]}}