{"id":263,"date":"2024-09-17T08:24:15","date_gmt":"2024-09-17T08:24:15","guid":{"rendered":"https:\/\/ilcapannone.es\/pizza\/"},"modified":"2025-04-14T11:31:43","modified_gmt":"2025-04-14T11:31:43","slug":"pizza","status":"publish","type":"page","link":"https:\/\/ilcapannone.es\/fr\/pizza\/","title":{"rendered":"Pizza"},"content":{"rendered":"\t\t<div data-elementor-type=\"wp-page\" data-elementor-id=\"263\" class=\"elementor elementor-263 elementor-35\" data-elementor-post-type=\"page\">\n\t\t\t\t<div class=\"elementor-element elementor-element-249502ac e-flex e-con-boxed e-con e-parent\" data-id=\"249502ac\" data-element_type=\"container\" data-e-type=\"container\" data-settings=\"{&quot;background_background&quot;:&quot;classic&quot;}\">\n\t\t\t\t\t<div class=\"e-con-inner\">\n\t\t\t\t<div class=\"elementor-element elementor-element-7b8f139b elementor-widget elementor-widget-heading\" data-id=\"7b8f139b\" data-element_type=\"widget\" data-e-type=\"widget\" data-widget_type=\"heading.default\">\n\t\t\t\t<div class=\"elementor-widget-container\">\n\t\t\t\t\t<h1 class=\"elementor-heading-title elementor-size-default\">Pizza<\/h1>\t\t\t\t<\/div>\n\t\t\t\t<\/div>\n\t\t\t\t<div class=\"elementor-element elementor-element-14ad58e9 elementor-widget__width-initial elementor-widget elementor-widget-text-editor\" data-id=\"14ad58e9\" data-element_type=\"widget\" data-e-type=\"widget\" data-widget_type=\"text-editor.default\">\n\t\t\t\t<div class=\"elementor-widget-container\">\n\t\t\t\t\t\t\t\t\t<p>La pizza est le c\u0153ur de notre cuisine. Chez Il Capannone, chaque pizza est une cr\u00e9ation unique, pr\u00e9par\u00e9e avec les meilleurs ingr\u00e9dients et cuite \u00e0 la perfection dans notre four \u00e0 bois.<\/p>\t\t\t\t\t\t\t\t<\/div>\n\t\t\t\t<\/div>\n\t\t\t\t\t<\/div>\n\t\t\t\t<\/div>\n\t\t<div class=\"elementor-element elementor-element-4a022386 e-flex e-con-boxed e-con e-parent\" data-id=\"4a022386\" data-element_type=\"container\" data-e-type=\"container\" data-settings=\"{&quot;background_background&quot;:&quot;classic&quot;}\">\n\t\t\t\t\t<div class=\"e-con-inner\">\n\t\t<div class=\"elementor-element elementor-element-c7f5315 e-con-full e-flex elementor-invisible e-con e-child\" data-id=\"c7f5315\" data-element_type=\"container\" data-e-type=\"container\" data-settings=\"{&quot;animation&quot;:&quot;fadeInLeft&quot;}\">\n\t\t\t\t<div class=\"elementor-element elementor-element-1a2d9adf elementor-widget elementor-widget-heading\" data-id=\"1a2d9adf\" data-element_type=\"widget\" data-e-type=\"widget\" data-widget_type=\"heading.default\">\n\t\t\t\t<div class=\"elementor-widget-container\">\n\t\t\t\t\t<h2 class=\"elementor-heading-title elementor-size-default\">Des ingr\u00e9dients frais et de qualit\u00e9<\/h2>\t\t\t\t<\/div>\n\t\t\t\t<\/div>\n\t\t\t\t<div class=\"elementor-element elementor-element-2954fb08 elementor-widget elementor-widget-text-editor\" data-id=\"2954fb08\" data-element_type=\"widget\" data-e-type=\"widget\" data-widget_type=\"text-editor.default\">\n\t\t\t\t<div class=\"elementor-widget-container\">\n\t\t\t\t\t\t\t\t\t<div class=\"wpb_text_column wpb_content_element \"><div class=\"wpb_wrapper\">Nos pizzas sont pr\u00e9par\u00e9es avec des ingr\u00e9dients de la plus haute qualit\u00e9, import\u00e9s directement d&rsquo;Italie, et avec des produits de saison. Chaque bouch\u00e9e vous apportera <strong>un go\u00fbt authentique et d\u00e9licieux qui vous transportera dans la v\u00e9ritable Italie.<\/strong><\/div><\/div>\t\t\t\t\t\t\t\t<\/div>\n\t\t\t\t<\/div>\n\t\t\t\t<\/div>\n\t\t<div class=\"elementor-element elementor-element-8064723 e-con-full e-flex elementor-invisible e-con e-child\" data-id=\"8064723\" data-element_type=\"container\" data-e-type=\"container\" data-settings=\"{&quot;animation&quot;:&quot;fadeInRight&quot;}\">\n\t\t\t\t<div class=\"elementor-element elementor-element-6bf7add7 elementor-widget elementor-widget-image\" data-id=\"6bf7add7\" data-element_type=\"widget\" data-e-type=\"widget\" data-widget_type=\"image.default\">\n\t\t\t\t<div class=\"elementor-widget-container\">\n\t\t\t\t\t\t\t\t\t\t\t\t\t\t\t<img fetchpriority=\"high\" decoding=\"async\" width=\"700\" height=\"465\" src=\"https:\/\/ilcapannone.es\/wp-content\/uploads\/2024\/09\/autentica-pizza-italiana.jpg\" class=\"attachment-large size-large wp-image-202\" alt=\"\" srcset=\"https:\/\/ilcapannone.es\/wp-content\/uploads\/2024\/09\/autentica-pizza-italiana.jpg 700w, https:\/\/ilcapannone.es\/wp-content\/uploads\/2024\/09\/autentica-pizza-italiana-300x199.jpg 300w\" sizes=\"(max-width: 700px) 100vw, 700px\" \/>\t\t\t\t\t\t\t\t\t\t\t\t\t\t\t<\/div>\n\t\t\t\t<\/div>\n\t\t\t\t<\/div>\n\t\t\t\t\t<\/div>\n\t\t\t\t<\/div>\n\t\t<div class=\"elementor-element elementor-element-6f003527 e-flex e-con-boxed e-con e-parent\" data-id=\"6f003527\" data-element_type=\"container\" data-e-type=\"container\" data-settings=\"{&quot;background_background&quot;:&quot;classic&quot;}\">\n\t\t\t\t\t<div class=\"e-con-inner\">\n\t\t<div class=\"elementor-element elementor-element-5967925e e-con-full e-flex elementor-invisible e-con e-child\" data-id=\"5967925e\" data-element_type=\"container\" data-e-type=\"container\" data-settings=\"{&quot;animation&quot;:&quot;fadeInLeft&quot;}\">\n\t\t\t\t<div class=\"elementor-element elementor-element-2896b633 elementor-widget elementor-widget-image\" data-id=\"2896b633\" data-element_type=\"widget\" data-e-type=\"widget\" data-widget_type=\"image.default\">\n\t\t\t\t<div class=\"elementor-widget-container\">\n\t\t\t\t\t\t\t\t\t\t\t\t\t\t\t<img decoding=\"async\" width=\"800\" height=\"523\" src=\"https:\/\/ilcapannone.es\/wp-content\/uploads\/2024\/09\/masa-de-pizza.jpg\" class=\"attachment-large size-large wp-image-194\" alt=\"\" srcset=\"https:\/\/ilcapannone.es\/wp-content\/uploads\/2024\/09\/masa-de-pizza.jpg 800w, https:\/\/ilcapannone.es\/wp-content\/uploads\/2024\/09\/masa-de-pizza-300x196.jpg 300w, https:\/\/ilcapannone.es\/wp-content\/uploads\/2024\/09\/masa-de-pizza-768x502.jpg 768w\" sizes=\"(max-width: 800px) 100vw, 800px\" \/>\t\t\t\t\t\t\t\t\t\t\t\t\t\t\t<\/div>\n\t\t\t\t<\/div>\n\t\t\t\t<\/div>\n\t\t<div class=\"elementor-element elementor-element-7e1fa743 e-con-full e-flex elementor-invisible e-con e-child\" data-id=\"7e1fa743\" data-element_type=\"container\" data-e-type=\"container\" data-settings=\"{&quot;animation&quot;:&quot;fadeInRight&quot;}\">\n\t\t\t\t<div class=\"elementor-element elementor-element-77eb9880 elementor-widget elementor-widget-heading\" data-id=\"77eb9880\" data-element_type=\"widget\" data-e-type=\"widget\" data-widget_type=\"heading.default\">\n\t\t\t\t<div class=\"elementor-widget-container\">\n\t\t\t\t\t<h2 class=\"elementor-heading-title elementor-size-default\">La p\u00e2te\n<\/h2>\t\t\t\t<\/div>\n\t\t\t\t<\/div>\n\t\t\t\t<div class=\"elementor-element elementor-element-5ea34159 elementor-widget elementor-widget-text-editor\" data-id=\"5ea34159\" data-element_type=\"widget\" data-e-type=\"widget\" data-widget_type=\"text-editor.default\">\n\t\t\t\t<div class=\"elementor-widget-container\">\n\t\t\t\t\t\t\t\t\t<div class=\"wpb_text_column wpb_content_element \"><div class=\"wpb_wrapper\">Nous pr\u00e9parons une p\u00e2te \u00e0 base de farine de force italienne, que nous laissons reposer pendant 48 heures pour obtenir une double fermentation, ce qui permet d&rsquo;obtenir une pizza fine, moelleuse et \u00e9lastique au centre, avec des bords croustillants et spongieux et une texture qui vous s\u00e9duira.<\/div><\/div>\t\t\t\t\t\t\t\t<\/div>\n\t\t\t\t<\/div>\n\t\t\t\t<\/div>\n\t\t\t\t\t<\/div>\n\t\t\t\t<\/div>\n\t\t<div class=\"elementor-element elementor-element-43c594b3 e-flex e-con-boxed e-con e-parent\" data-id=\"43c594b3\" data-element_type=\"container\" data-e-type=\"container\" data-settings=\"{&quot;background_background&quot;:&quot;classic&quot;}\">\n\t\t\t\t\t<div class=\"e-con-inner\">\n\t\t<div class=\"elementor-element elementor-element-5dbed935 e-con-full e-flex elementor-invisible e-con e-child\" data-id=\"5dbed935\" data-element_type=\"container\" data-e-type=\"container\" data-settings=\"{&quot;animation&quot;:&quot;fadeInLeft&quot;}\">\n\t\t\t\t<div class=\"elementor-element elementor-element-2081c1f4 elementor-widget elementor-widget-heading\" data-id=\"2081c1f4\" data-element_type=\"widget\" data-e-type=\"widget\" data-widget_type=\"heading.default\">\n\t\t\t\t<div class=\"elementor-widget-container\">\n\t\t\t\t\t<h2 class=\"elementor-heading-title elementor-size-default\">Four \u00e0 bois<\/h2>\t\t\t\t<\/div>\n\t\t\t\t<\/div>\n\t\t\t\t<div class=\"elementor-element elementor-element-3dcb62b0 elementor-widget elementor-widget-text-editor\" data-id=\"3dcb62b0\" data-element_type=\"widget\" data-e-type=\"widget\" data-widget_type=\"text-editor.default\">\n\t\t\t\t<div class=\"elementor-widget-container\">\n\t\t\t\t\t\t\t\t\t<p>Notre four \u00e0 bois conf\u00e8re \u00e0 nos pizzas <strong>une saveur in\u00e9gal\u00e9e et une texture croustillante<\/strong>. Toutes nos pizzas sont cuites entre 60 et 90 secondes \u00e0 500 degr\u00e9s dans<strong> un four en pierre r\u00e9fractaire fabriqu\u00e9 en Italie par une famille d&rsquo;artisans.<\/strong> Et pour le r\u00e9chauffer, rien de tel que le bois de chauffage, qui lui donne une saveur unique. Venez go\u00fbter nos sp\u00e9cialit\u00e9s et d\u00e9couvrez pourquoi <strong>nous sommes le meilleur choix de pizzas \u00e0 Tarragone et Cambrils<\/strong>.<\/p>\t\t\t\t\t\t\t\t<\/div>\n\t\t\t\t<\/div>\n\t\t\t\t<div class=\"elementor-element elementor-element-6565fafc elementor-widget elementor-widget-button\" data-id=\"6565fafc\" data-element_type=\"widget\" data-e-type=\"widget\" data-widget_type=\"button.default\">\n\t\t\t\t<div class=\"elementor-widget-container\">\n\t\t\t\t\t\t\t\t\t<div class=\"elementor-button-wrapper\">\n\t\t\t\t\t<a class=\"elementor-button elementor-button-link elementor-size-sm elementor-animation-shrink\" href=\"https:\/\/sienna-heron-415394.hostingersite.com\/la-carta-del-restaurante\/\" target=\"_blank\" rel=\"noopener\">\n\t\t\t\t\t\t<span class=\"elementor-button-content-wrapper\">\n\t\t\t\t\t\t\t\t\t<span class=\"elementor-button-text\">Voir la lettre<\/span>\n\t\t\t\t\t<\/span>\n\t\t\t\t\t<\/a>\n\t\t\t\t<\/div>\n\t\t\t\t\t\t\t\t<\/div>\n\t\t\t\t<\/div>\n\t\t\t\t<\/div>\n\t\t<div class=\"elementor-element elementor-element-1f4305ae e-con-full e-flex elementor-invisible e-con e-child\" data-id=\"1f4305ae\" data-element_type=\"container\" data-e-type=\"container\" data-settings=\"{&quot;animation&quot;:&quot;fadeInRight&quot;}\">\n\t\t\t\t<div class=\"elementor-element elementor-element-2cf25e7a elementor-widget__width-auto elementor-widget elementor-widget-image\" data-id=\"2cf25e7a\" data-element_type=\"widget\" data-e-type=\"widget\" data-widget_type=\"image.default\">\n\t\t\t\t<div class=\"elementor-widget-container\">\n\t\t\t\t\t\t\t\t\t\t\t\t\t\t\t<img decoding=\"async\" src=\"https:\/\/ilcapannone.es\/wp-content\/uploads\/elementor\/thumbs\/pizza-hornodelena-tarragona-qu8edvifkeuja73ggb5mrvz0r4egmuqjiy1464c0fc.jpg\" title=\"pizza-hornodelena-tarragona.jpg\" alt=\"pizza-hornodelena-tarragona.jpg\" loading=\"lazy\" \/>\t\t\t\t\t\t\t\t\t\t\t\t\t\t\t<\/div>\n\t\t\t\t<\/div>\n\t\t\t\t<div class=\"elementor-element elementor-element-fb5d903 elementor-widget__width-auto elementor-widget elementor-widget-image\" data-id=\"fb5d903\" data-element_type=\"widget\" data-e-type=\"widget\" data-widget_type=\"image.default\">\n\t\t\t\t<div class=\"elementor-widget-container\">\n\t\t\t\t\t\t\t\t\t\t\t\t\t\t\t<img decoding=\"async\" src=\"https:\/\/ilcapannone.es\/wp-content\/uploads\/elementor\/thumbs\/pizza-italiana-cambrils-tarragona-qu8edwg9r8vtlt23atk9cdqhci9tuju9v2olneam94.jpg\" title=\"pizza-italiana-cambrils-tarragona.jpg\" alt=\"pizza-italiana-cambrils-tarragona.jpg\" loading=\"lazy\" \/>\t\t\t\t\t\t\t\t\t\t\t\t\t\t\t<\/div>\n\t\t\t\t<\/div>\n\t\t\t\t<\/div>\n\t\t\t\t\t<\/div>\n\t\t\t\t<\/div>\n\t\t<div class=\"elementor-element elementor-element-5c9340fa e-flex e-con-boxed e-con e-parent\" data-id=\"5c9340fa\" data-element_type=\"container\" data-e-type=\"container\" data-settings=\"{&quot;background_background&quot;:&quot;classic&quot;}\">\n\t\t\t\t\t<div class=\"e-con-inner\">\n\t\t<div class=\"elementor-element elementor-element-1be14e8a e-con-full e-flex elementor-invisible e-con e-child\" data-id=\"1be14e8a\" data-element_type=\"container\" data-e-type=\"container\" data-settings=\"{&quot;animation&quot;:&quot;fadeInLeft&quot;}\">\n\t\t\t\t<div class=\"elementor-element elementor-element-2042ee31 elementor-widget elementor-widget-image\" data-id=\"2042ee31\" data-element_type=\"widget\" data-e-type=\"widget\" data-widget_type=\"image.default\">\n\t\t\t\t<div class=\"elementor-widget-container\">\n\t\t\t\t\t\t\t\t\t\t\t\t\t\t\t<img decoding=\"async\" width=\"800\" height=\"800\" src=\"https:\/\/ilcapannone.es\/wp-content\/uploads\/2024\/09\/pizzaeria-cambrils-1024x1024.jpg\" class=\"attachment-large size-large wp-image-200\" alt=\"\" srcset=\"https:\/\/ilcapannone.es\/wp-content\/uploads\/2024\/09\/pizzaeria-cambrils-1024x1024.jpg 1024w, https:\/\/ilcapannone.es\/wp-content\/uploads\/2024\/09\/pizzaeria-cambrils-300x300.jpg 300w, https:\/\/ilcapannone.es\/wp-content\/uploads\/2024\/09\/pizzaeria-cambrils-150x150.jpg 150w, https:\/\/ilcapannone.es\/wp-content\/uploads\/2024\/09\/pizzaeria-cambrils-768x768.jpg 768w, https:\/\/ilcapannone.es\/wp-content\/uploads\/2024\/09\/pizzaeria-cambrils.jpg 1200w\" sizes=\"(max-width: 800px) 100vw, 800px\" \/>\t\t\t\t\t\t\t\t\t\t\t\t\t\t\t<\/div>\n\t\t\t\t<\/div>\n\t\t\t\t<\/div>\n\t\t<div class=\"elementor-element elementor-element-43c263bb e-con-full e-flex elementor-invisible e-con e-child\" data-id=\"43c263bb\" data-element_type=\"container\" data-e-type=\"container\" data-settings=\"{&quot;animation&quot;:&quot;fadeInRight&quot;}\">\n\t\t\t\t<div class=\"elementor-element elementor-element-41c59935 elementor-widget elementor-widget-heading\" data-id=\"41c59935\" data-element_type=\"widget\" data-e-type=\"widget\" data-widget_type=\"heading.default\">\n\t\t\t\t<div class=\"elementor-widget-container\">\n\t\t\t\t\t<h2 class=\"elementor-heading-title elementor-size-default\">Et les meilleurs pizzaiolos<\/h2>\t\t\t\t<\/div>\n\t\t\t\t<\/div>\n\t\t\t\t<div class=\"elementor-element elementor-element-34a2cff elementor-widget elementor-widget-text-editor\" data-id=\"34a2cff\" data-element_type=\"widget\" data-e-type=\"widget\" data-widget_type=\"text-editor.default\">\n\t\t\t\t<div class=\"elementor-widget-container\">\n\t\t\t\t\t\t\t\t\t<div class=\"wpb_text_column wpb_content_element \"><div class=\"wpb_wrapper\"><div class=\"wpb_text_column wpb_content_element vc_custom_1553221069287\"><div class=\"wpb_wrapper\"><p><span style=\"font-size: 16px;\">Et pour donner cette touche unique \u00e0 nos pizzas, et trouver le point de cuisson unique, nous avons des pizzaiolos exp\u00e9riment\u00e9s, qui agissent en ma\u00eetres de c\u00e9r\u00e9monie jusqu&rsquo;\u00e0 la perfection.<\/span><\/p><\/div><\/div><\/div><\/div>\t\t\t\t\t\t\t\t<\/div>\n\t\t\t\t<\/div>\n\t\t\t\t<div class=\"elementor-element elementor-element-62e3614a elementor-widget elementor-widget-button\" data-id=\"62e3614a\" data-element_type=\"widget\" data-e-type=\"widget\" data-widget_type=\"button.default\">\n\t\t\t\t<div class=\"elementor-widget-container\">\n\t\t\t\t\t\t\t\t\t<div class=\"elementor-button-wrapper\">\n\t\t\t\t\t<a class=\"elementor-button elementor-button-link elementor-size-sm elementor-animation-shrink\" href=\"https:\/\/sienna-heron-415394.hostingersite.com\/reservar-mesa\/\" target=\"_blank\" rel=\"noopener\">\n\t\t\t\t\t\t<span class=\"elementor-button-content-wrapper\">\n\t\t\t\t\t\t\t\t\t<span class=\"elementor-button-text\">Livre<\/span>\n\t\t\t\t\t<\/span>\n\t\t\t\t\t<\/a>\n\t\t\t\t<\/div>\n\t\t\t\t\t\t\t\t<\/div>\n\t\t\t\t<\/div>\n\t\t\t\t<\/div>\n\t\t\t\t\t<\/div>\n\t\t\t\t<\/div>\n\t\t\t\t<\/div>\n\t\t","protected":false},"excerpt":{"rendered":"<p>La pizza est le c\u0153ur de notre cuisine. Chez Il Capannone, chaque pizza est une cr\u00e9ation unique, pr\u00e9par\u00e9e avec les meilleurs ingr\u00e9dients et cuite \u00e0 la perfection dans notre four \u00e0 bois. Des ingr\u00e9dients frais et de qualit\u00e9 Nos pizzas sont pr\u00e9par\u00e9es avec des ingr\u00e9dients de la plus haute qualit\u00e9, import\u00e9s directement d&rsquo;Italie, et avec [&hellip;]<\/p>\n","protected":false},"author":1,"featured_media":208,"parent":0,"menu_order":0,"comment_status":"closed","ping_status":"closed","template":"elementor_header_footer","meta":{"_monsterinsights_skip_tracking":false,"_monsterinsights_sitenote_active":false,"_monsterinsights_sitenote_note":"","_monsterinsights_sitenote_category":0,"footnotes":""},"class_list":["post-263","page","type-page","status-publish","has-post-thumbnail","hentry"],"_links":{"self":[{"href":"https:\/\/ilcapannone.es\/fr\/wp-json\/wp\/v2\/pages\/263","targetHints":{"allow":["GET"]}}],"collection":[{"href":"https:\/\/ilcapannone.es\/fr\/wp-json\/wp\/v2\/pages"}],"about":[{"href":"https:\/\/ilcapannone.es\/fr\/wp-json\/wp\/v2\/types\/page"}],"author":[{"embeddable":true,"href":"https:\/\/ilcapannone.es\/fr\/wp-json\/wp\/v2\/users\/1"}],"replies":[{"embeddable":true,"href":"https:\/\/ilcapannone.es\/fr\/wp-json\/wp\/v2\/comments?post=263"}],"version-history":[{"count":1,"href":"https:\/\/ilcapannone.es\/fr\/wp-json\/wp\/v2\/pages\/263\/revisions"}],"predecessor-version":[{"id":264,"href":"https:\/\/ilcapannone.es\/fr\/wp-json\/wp\/v2\/pages\/263\/revisions\/264"}],"wp:featuredmedia":[{"embeddable":true,"href":"https:\/\/ilcapannone.es\/fr\/wp-json\/wp\/v2\/media\/208"}],"wp:attachment":[{"href":"https:\/\/ilcapannone.es\/fr\/wp-json\/wp\/v2\/media?parent=263"}],"curies":[{"name":"wp","href":"https:\/\/api.w.org\/{rel}","templated":true}]}}